{"id":2212,"date":"2023-11-22T10:05:05","date_gmt":"2023-11-22T10:05:05","guid":{"rendered":"https:\/\/mon-z.com\/iletisim\/"},"modified":"2025-01-08T07:07:24","modified_gmt":"2025-01-08T07:07:24","slug":"iletisim","status":"publish","type":"page","link":"https:\/\/mon-z.com\/tr\/iletisim\/","title":{"rendered":"\u0130leti\u015fim"},"content":{"rendered":"\t\t<div data-elementor-type=\"wp-page\" data-elementor-id=\"2212\" class=\"elementor elementor-2212 elementor-351\" data-elementor-post-type=\"page\">\n\t\t\t\t\t\t<section class=\"elementor-section elementor-top-section elementor-element elementor-element-4dcfb186 elementor-section-boxed elementor-section-height-default elementor-section-height-default\" data-id=\"4dcfb186\" data-element_type=\"section\" data-e-type=\"section\">\n\t\t\t\t\t\t<div class=\"elementor-container elementor-column-gap-default\">\n\t\t\t\t\t<div class=\"elementor-column elementor-col-16 elementor-top-column elementor-element elementor-element-590acb0c elementor-hidden-phone\" data-id=\"590acb0c\" data-element_type=\"column\" data-e-type=\"column\">\n\t\t\t<div class=\"elementor-widget-wrap\">\n\t\t\t\t\t\t\t<\/div>\n\t\t<\/div>\n\t\t\t\t<div class=\"elementor-column elementor-col-66 elementor-top-column elementor-element elementor-element-480b7f55\" data-id=\"480b7f55\" data-element_type=\"column\" data-e-type=\"column\">\n\t\t\t<div class=\"elementor-widget-wrap elementor-element-populated\">\n\t\t\t\t\t\t<div class=\"elementor-element elementor-element-2aeffedc elementor-invisible elementor-widget elementor-widget-image\" data-id=\"2aeffedc\" data-element_type=\"widget\" data-e-type=\"widget\" data-settings=\"{&quot;_animation&quot;:&quot;fadeIn&quot;,&quot;_animation_delay&quot;:100}\" data-widget_type=\"image.default\">\n\t\t\t\t\t\t\t\t\t\t\t\t\t\t\t<img fetchpriority=\"high\" decoding=\"async\" width=\"668\" height=\"556\" src=\"https:\/\/mon-z.com\/wp-content\/uploads\/2023\/11\/app-landing-support-1.png\" class=\"attachment-full size-full wp-image-1974\" alt=\"\" srcset=\"https:\/\/mon-z.com\/wp-content\/uploads\/2023\/11\/app-landing-support-1.png 668w, https:\/\/mon-z.com\/wp-content\/uploads\/2023\/11\/app-landing-support-1-300x250.png 300w, https:\/\/mon-z.com\/wp-content\/uploads\/2023\/11\/app-landing-support-1-650x541.png 650w\" sizes=\"(max-width: 668px) 100vw, 668px\" \/>\t\t\t\t\t\t\t\t\t\t\t\t\t\t\t<\/div>\n\t\t\t\t<div class=\"elementor-element elementor-element-2ae45d06 elementor-invisible elementor-widget elementor-widget-heading\" data-id=\"2ae45d06\" data-element_type=\"widget\" data-e-type=\"widget\" data-settings=\"{&quot;_animation&quot;:&quot;fadeIn&quot;,&quot;_animation_delay&quot;:200}\" data-widget_type=\"heading.default\">\n\t\t\t\t\t<h3 class=\"elementor-heading-title elementor-size-default\">Herkes duyulmak ve anla\u015f\u0131lmak ister, ayr\u0131ca h\u0131zl\u0131 bir yan\u0131t almak da \u00e7ok \u00f6nemlidir. Monz, dijital pazarlama sorunlar\u0131n\u0131z\u0131 kolayca \u00e7\u00f6zmenin yoludur.<\/h3>\t\t\t\t<\/div>\n\t\t\t\t\t<\/div>\n\t\t<\/div>\n\t\t\t\t<div class=\"elementor-column elementor-col-16 elementor-top-column elementor-element elementor-element-77b59c38 elementor-hidden-phone\" data-id=\"77b59c38\" data-element_type=\"column\" data-e-type=\"column\">\n\t\t\t<div class=\"elementor-widget-wrap\">\n\t\t\t\t\t\t\t<\/div>\n\t\t<\/div>\n\t\t\t\t\t<\/div>\n\t\t<\/section>\n\t\t\t\t<div class=\"elementor-section elementor-top-section elementor-element elementor-element-3eb7c2d4 elementor-section-boxed elementor-section-height-default elementor-section-height-default\" data-id=\"3eb7c2d4\" data-element_type=\"section\" data-e-type=\"section\">\n\t\t\t\t\t\t<div class=\"elementor-container elementor-column-gap-default\">\n\t\t\t\t\t<div class=\"elementor-column elementor-col-50 elementor-top-column elementor-element elementor-element-7d050625\" data-id=\"7d050625\" data-element_type=\"column\" data-e-type=\"column\">\n\t\t\t<div class=\"elementor-widget-wrap elementor-element-populated\">\n\t\t\t\t\t\t<div class=\"elementor-element elementor-element-6b83743a elementor-widget elementor-widget-heading\" data-id=\"6b83743a\" data-element_type=\"widget\" data-e-type=\"widget\" data-widget_type=\"heading.default\">\n\t\t\t\t\t<h1 class=\"elementor-heading-title elementor-size-default\">\u0130leti\u015fime ge\u00e7mek isteriz.<\/h1>\t\t\t\t<\/div>\n\t\t\t\t<div class=\"elementor-element elementor-element-3c82793f elementor-widget elementor-widget-text-editor\" data-id=\"3c82793f\" data-element_type=\"widget\" data-e-type=\"widget\" data-widget_type=\"text-editor.default\">\n\t\t\t\t\t\t\t\t\t<p>Hi\u00e7bir i\u015fletmenin ayn\u0131 olmad\u0131\u011f\u0131n\u0131 biliyoruz ve bu nedenle \u00f6zel ihtiya\u00e7lar\u0131n\u0131z\u0131 kar\u015f\u0131lamak i\u00e7in \u00f6zelle\u015ftirilmi\u015f yaz\u0131l\u0131m \u00e7\u00f6z\u00fcmleri sunuyoruz.<\/p>\n\t\t\t\t\t\t\t\t<\/div>\n\t\t\t\t<div class=\"elementor-element elementor-element-4f63090a elementor-widget__width-initial elementor-widget-mobile__width-inherit bdt-icon-type-icon elementor-position-top bdt-icon-effect-none elementor-widget elementor-widget-bdt-advanced-icon-box\" data-id=\"4f63090a\" data-element_type=\"widget\" data-e-type=\"widget\" data-widget_type=\"bdt-advanced-icon-box.default\">\n\t\t\t\t<div class=\"elementor-widget-container\">\n\t\t\t\t\t\t\t<div class=\"bdt-ep-advanced-icon-box\">\n\n\t\t\t\t\t\t\t\n\t\t\n\t\t\t\t\n\t\t\t<div class=\"bdt-ep-advanced-icon-box-content\">\n\n\t\t\t\t\t\t\t\t\t\n\t\t\t\t\t<h5 class=\"bdt-ep-advanced-icon-box-title\">\n\t\t\t\t<span >\n\t\t\t\t\tT\u00fcrkiye ofisi\t\t\t\t<\/span>\n\t\t\t<\/h5>\n\t\t\n\n\t\t\n\t\t\t\t\t\n\t\t\t\t\n\t\t\t\t\t\t\t\t\t<div class=\"bdt-ep-advanced-icon-box-description\">\n\t\t\t\t\t\t<p>Sultan Selim Mah. Sultan Selim Cad. No: 1\/5 <br>Ka\u011f\u0131thane \/ \u0130stanbul<\/p>\t\t\t\t\t<\/div>\n\t\t\t\t\n\t\t\t\t\t\t\t<\/div>\n\t\t<\/div>\n\n\t\t\n\t\t\n\t\t\t\t<\/div>\n\t\t\t\t<\/div>\n\t\t\t\t<div class=\"elementor-element elementor-element-54c4c70 elementor-widget__width-initial elementor-widget-mobile__width-inherit bdt-icon-type-icon elementor-position-top bdt-icon-effect-none elementor-widget elementor-widget-bdt-advanced-icon-box\" data-id=\"54c4c70\" data-element_type=\"widget\" data-e-type=\"widget\" data-widget_type=\"bdt-advanced-icon-box.default\">\n\t\t\t\t<div class=\"elementor-widget-container\">\n\t\t\t\t\t\t\t<div class=\"bdt-ep-advanced-icon-box\">\n\n\t\t\t\t\t\t\t\n\t\t\n\t\t\t\t\n\t\t\t<div class=\"bdt-ep-advanced-icon-box-content\">\n\n\t\t\t\t\t\t\t\t\t\n\t\t\n\n\t\t\n\t\t\t\t\t\n\t\t\t\t\n\t\t\t\t\n\t\t\t\t\t\t\t<\/div>\n\t\t<\/div>\n\n\t\t\n\t\t\n\t\t\t\t<\/div>\n\t\t\t\t<\/div>\n\t\t\t\t<div class=\"elementor-element elementor-element-613564c elementor-widget__width-initial elementor-widget-mobile__width-inherit bdt-icon-type-icon elementor-position-top bdt-icon-effect-none elementor-widget elementor-widget-bdt-advanced-icon-box\" data-id=\"613564c\" data-element_type=\"widget\" data-e-type=\"widget\" data-widget_type=\"bdt-advanced-icon-box.default\">\n\t\t\t\t<div class=\"elementor-widget-container\">\n\t\t\t\t\t\t\t<div class=\"bdt-ep-advanced-icon-box\">\n\n\t\t\t\t\t\t\t\n\t\t\n\t\t\t\t\n\t\t\t<div class=\"bdt-ep-advanced-icon-box-content\">\n\n\t\t\t\t\t\t\t\t\t\n\t\t\t\t\t<h5 class=\"bdt-ep-advanced-icon-box-title\">\n\t\t\t\t<span >\n\t\t\t\t\te-ma\u0131l\t\t\t\t<\/span>\n\t\t\t<\/h5>\n\t\t\n\n\t\t\n\t\t\t\t\t\n\t\t\t\t\n\t\t\t\t\t\t\t\t\t<div class=\"bdt-ep-advanced-icon-box-description\">\n\t\t\t\t\t\t<p>hello@mon-z.com<\/p>\t\t\t\t\t<\/div>\n\t\t\t\t\n\t\t\t\t\t\t\t<\/div>\n\t\t<\/div>\n\n\t\t\n\t\t\n\t\t\t\t<\/div>\n\t\t\t\t<\/div>\n\t\t\t\t<div class=\"elementor-element elementor-element-666a3a59 elementor-widget__width-initial elementor-widget-mobile__width-inherit bdt-icon-type-icon elementor-position-top bdt-icon-effect-none elementor-widget elementor-widget-bdt-advanced-icon-box\" data-id=\"666a3a59\" data-element_type=\"widget\" data-e-type=\"widget\" data-widget_type=\"bdt-advanced-icon-box.default\">\n\t\t\t\t<div class=\"elementor-widget-container\">\n\t\t\t\t\t\t\t<div class=\"bdt-ep-advanced-icon-box\">\n\n\t\t\t\t\t\t\t\n\t\t\n\t\t\t\t\n\t\t\t<div class=\"bdt-ep-advanced-icon-box-content\">\n\n\t\t\t\t\t\t\t\t\t\n\t\t\t\t\t<h5 class=\"bdt-ep-advanced-icon-box-title\">\n\t\t\t\t<span >\n\t\t\t\t\tTelefon  \t\t\t\t<\/span>\n\t\t\t<\/h5>\n\t\t\n\n\t\t\n\t\t\t\t\t\n\t\t\t\t\n\t\t\t\t\t\t\t\t\t<div class=\"bdt-ep-advanced-icon-box-description\">\n\t\t\t\t\t\t<a href=\"https:\/\/wa.me\/905322356223\" target=\"_blank\" rel=\"noopener\">WhatsApp<\/a><br>+90 (532) 235 62 23\t\t\t\t\t<\/div>\n\t\t\t\t\n\t\t\t\t\t\t\t<\/div>\n\t\t<\/div>\n\n\t\t\n\t\t\n\t\t\t\t<\/div>\n\t\t\t\t<\/div>\n\t\t\t\t\t<\/div>\n\t\t<\/div>\n\t\t\t\t<div class=\"elementor-column elementor-col-50 elementor-top-column elementor-element elementor-element-485fade7\" data-id=\"485fade7\" data-element_type=\"column\" data-e-type=\"column\" data-settings=\"{&quot;background_background&quot;:&quot;classic&quot;}\">\n\t\t\t<div class=\"elementor-widget-wrap elementor-element-populated\">\n\t\t\t\t\t\t<div class=\"elementor-element elementor-element-588eb78 elementor-widget elementor-widget-wpforms\" data-id=\"588eb78\" data-element_type=\"widget\" data-e-type=\"widget\" data-widget_type=\"wpforms.default\">\n\t\t\t\t<div class=\"elementor-widget-container\">\n\t\t\t\t\t<div class=\"wpforms-container wpforms-container-full wpforms-render-modern\" id=\"wpforms-2523\"><form id=\"wpforms-form-2523\" class=\"wpforms-validate wpforms-form wpforms-ajax-form\" data-formid=\"2523\" method=\"post\" enctype=\"multipart\/form-data\" action=\"\/tr\/wp-json\/wp\/v2\/pages\/2212\" data-token=\"d00cbb02440065ed3ea1206b24dcb95c\" data-token-time=\"1778072360\"><noscript class=\"wpforms-error-noscript\">Bu formu bitirebilmek i\u00e7in taray\u0131c\u0131n\u0131zda JavaScript&#039;i etkinle\u015ftirin.<\/noscript><div id=\"wpforms-error-noscript\" style=\"display: none;\">Bu formu bitirebilmek i\u00e7in taray\u0131c\u0131n\u0131zda JavaScript&#039;i etkinle\u015ftirin.<\/div><div class=\"wpforms-field-container\"><div id=\"wpforms-2523-field_8-container\" class=\"wpforms-field wpforms-field-content\" data-field-type=\"content\" data-field-id=\"8\"><div id=\"wpforms-2523-field_8\" class=\"wpforms-field-large wpforms-field-row\" aria-errormessage=\"wpforms-2523-field_8-error\"><h3 style=\"text-align: center\">Bize mesaj g\u00f6nderin<\/h3>\n<div class=\"wpforms-field-content-display-frontend-clear\"><\/div><\/div><\/div><div id=\"wpforms-2523-field_2-container\" class=\"wpforms-field wpforms-field-name\" data-field-type=\"name\" data-field-id=\"2\"><label class=\"wpforms-field-label wpforms-label-hide\" for=\"wpforms-2523-field_2\" aria-hidden=\"false\">Sizin Ad\u0131n\u0131z<\/label><input type=\"text\" id=\"wpforms-2523-field_2\" class=\"wpforms-field-large\" name=\"wpforms[fields][2]\" placeholder=\"Sizin ad\u0131n\u0131z\" aria-errormessage=\"wpforms-2523-field_2-error\" ><\/div><div id=\"wpforms-2523-field_5-container\" class=\"wpforms-field wpforms-field-email\" data-field-type=\"email\" data-field-id=\"5\"><label class=\"wpforms-field-label wpforms-label-hide\" for=\"wpforms-2523-field_5\" aria-hidden=\"false\">E-posta <span class=\"wpforms-required-label\" aria-hidden=\"true\">*<\/span><\/label><input type=\"email\" id=\"wpforms-2523-field_5\" class=\"wpforms-field-large wpforms-field-required\" name=\"wpforms[fields][5]\" placeholder=\"E-posta adresiniz\" spellcheck=\"false\" aria-errormessage=\"wpforms-2523-field_5-error\" required><\/div><div id=\"wpforms-2523-field_6-container\" class=\"wpforms-field wpforms-field-phone\" data-field-type=\"phone\" data-field-id=\"6\"><label class=\"wpforms-field-label wpforms-label-hide\" for=\"wpforms-2523-field_6\" aria-hidden=\"false\">Telefon<\/label><input type=\"tel\" id=\"wpforms-2523-field_6\" class=\"wpforms-field-large wpforms-smart-phone-field\" data-rule-smart-phone-field=\"true\" name=\"wpforms[fields][6]\" placeholder=\"\u0130leti\u015fim Numaras\u0131\" aria-label=\"Telefon\" aria-errormessage=\"wpforms-2523-field_6-error\" ><\/div><div id=\"wpforms-2523-field_10-container\" class=\"wpforms-field wpforms-field-name\" data-field-type=\"name\" data-field-id=\"10\"><label class=\"wpforms-field-label wpforms-label-hide\" for=\"wpforms-2523-field_10\" aria-hidden=\"false\">Mesaj <span class=\"wpforms-required-label\" aria-hidden=\"true\">*<\/span><\/label><input type=\"text\" id=\"wpforms-2523-field_10\" class=\"wpforms-field-large wpforms-field-required\" name=\"wpforms[fields][10]\" placeholder=\"Mesaj\u0131n\u0131z\" aria-errormessage=\"wpforms-2523-field_10-error\" required><\/div><\/div><!-- .wpforms-field-container --><div class=\"wpforms-submit-container\" ><input type=\"hidden\" name=\"wpforms[id]\" value=\"2523\"><input type=\"hidden\" name=\"page_title\" value=\"\"><input type=\"hidden\" name=\"page_url\" value=\"https:\/\/mon-z.com\/tr\/wp-json\/wp\/v2\/pages\/2212\"><input type=\"hidden\" name=\"url_referer\" value=\"\"><button type=\"submit\" name=\"wpforms[submit]\" id=\"wpforms-submit-2523\" class=\"wpforms-submit wpforms\" data-alt-text=\"G\u00f6nderiyorum.\" data-submit-text=\"G\u00f6nder\" aria-live=\"assertive\" value=\"wpforms-submit\">G\u00f6nder<\/button><img decoding=\"async\" src=\"https:\/\/mon-z.com\/wp-content\/plugins\/wpforms\/assets\/images\/submit-spin.svg\" class=\"wpforms-submit-spinner\" style=\"display: none;\" width=\"26\" height=\"26\" alt=\"Y\u00fckleniyor\"><\/div><\/form><\/div>  <!-- .wpforms-container -->\t\t\t\t<\/div>\n\t\t\t\t<\/div>\n\t\t\t\t\t<\/div>\n\t\t<\/div>\n\t\t\t\t\t<\/div>\n\t\t<\/div>\n\t\t\t\t<div class=\"elementor-section elementor-top-section elementor-element elementor-element-447a1eb0  ui-fluid-animation-4 elementor-section-boxed elementor-section-height-default elementor-section-height-default\" data-id=\"447a1eb0\" data-element_type=\"section\" data-e-type=\"section\" data-settings=\"{&quot;section_fluid_on&quot;:&quot;yes&quot;}\">\n\t\t\t\t\t\t<div class=\"elementor-container elementor-column-gap-default\">\n\t\t\t\t\t<div class=\"elementor-column elementor-col-100 elementor-top-column elementor-element elementor-element-23bb74e5\" data-id=\"23bb74e5\" data-element_type=\"column\" data-e-type=\"column\">\n\t\t\t<div class=\"elementor-widget-wrap elementor-element-populated\">\n\t\t\t\t\t\t<div class=\"elementor-element elementor-element-345451c0 elementor-widget elementor-widget-heading\" data-id=\"345451c0\" data-element_type=\"widget\" data-e-type=\"widget\" data-widget_type=\"heading.default\">\n\t\t\t\t\t<h2 class=\"elementor-heading-title elementor-size-default\">Biz K\u00fcresel bir ekibiz<\/h2>\t\t\t\t<\/div>\n\t\t\t\t<div class=\"elementor-element elementor-element-447136d2 elementor-widget elementor-widget-text-editor\" data-id=\"447136d2\" data-element_type=\"widget\" data-e-type=\"widget\" data-widget_type=\"text-editor.default\">\n\t\t\t\t\t\t\t\t\t<p>D\u00fcnyan\u0131n her yerinde \u00e7al\u0131\u015f\u0131yoruz!<\/p>\n\t\t\t\t\t\t\t\t<\/div>\n\t\t\t\t<div class=\"elementor-element elementor-element-7036303e elementor-widget elementor-widget-bdt-marker\" data-id=\"7036303e\" data-element_type=\"widget\" data-e-type=\"widget\" data-widget_type=\"bdt-marker.default\">\n\t\t\t\t<div class=\"elementor-widget-container\">\n\t\t\t\t\t\n\t\t<div class=\"bdt-marker-wrapper bdt-inline bdt-dark bdt-marker-animated\" id=\"bdt-marker-7036303e\" data-bdt-scrollspy=\"target: .bdt-marker-wrapper &gt; a.bdt-marker-item; cls:bdt-animation-scale-up; delay: 300;\" data-bdt-lightbox=\"toggle: .bdt-marker-lightbox-item; animation: slide;\">\n\n\t\t\t<img decoding=\"async\" width=\"1538\" height=\"733\" src=\"https:\/\/mon-z.com\/wp-content\/uploads\/2023\/11\/Team-Testimonials-BG-Image.webp\" class=\"attachment-full size-full wp-image-358\" alt=\"\" srcset=\"https:\/\/mon-z.com\/wp-content\/uploads\/2023\/11\/Team-Testimonials-BG-Image.webp 1538w, https:\/\/mon-z.com\/wp-content\/uploads\/2023\/11\/Team-Testimonials-BG-Image-300x143.webp 300w, https:\/\/mon-z.com\/wp-content\/uploads\/2023\/11\/Team-Testimonials-BG-Image-1024x488.webp 1024w, https:\/\/mon-z.com\/wp-content\/uploads\/2023\/11\/Team-Testimonials-BG-Image-768x366.webp 768w, https:\/\/mon-z.com\/wp-content\/uploads\/2023\/11\/Team-Testimonials-BG-Image-1536x732.webp 1536w, https:\/\/mon-z.com\/wp-content\/uploads\/2023\/11\/Team-Testimonials-BG-Image-650x310.webp 650w\" sizes=\"(max-width: 1538px) 100vw, 1538px\" \/>\t\t\t\t<a class=\"bdt-marker-item bdt-position-absolute bdt-marker bdt-icon elementor-repeater-item-b5673f8 bdt-tippy-tooltip\" data-tippy-content=\"&lt;p&gt;Istanbul, Turkiye&lt;\/p&gt;\" target=\"_self\" href=\"javascript:void(0);\" data-tippy=\"\" data-tippy-placement=\"top\" data-tippy-animation=\"shift-away\" data-tippy-arrow=\"false\">\n\n\t\t\t\t\t\t\t\t\t\t\t<svg aria-hidden=\"true\" class=\"e-font-icon-svg e-fas-circle\" viewBox=\"0 0 512 512\" xmlns=\"http:\/\/www.w3.org\/2000\/svg\"><path d=\"M256 8C119 8 8 119 8 256s111 248 248 248 248-111 248-248S393 8 256 8z\"><\/path><\/svg>\n\t\t\t\t<\/a>\n\t\t\t\t\t\t\t\t<a class=\"bdt-marker-item bdt-position-absolute bdt-marker bdt-icon elementor-repeater-item-6d5dd2c bdt-tippy-tooltip\" data-tippy-content=\"&lt;p&gt;Dubai, UAE&lt;\/p&gt;\" target=\"_self\" href=\"javascript:void(0);\" data-tippy=\"\" data-tippy-placement=\"top\" data-tippy-animation=\"shift-away\" data-tippy-arrow=\"false\">\n\n\t\t\t\t\t\t\t\t\t\t\t<svg aria-hidden=\"true\" class=\"e-font-icon-svg e-fas-circle\" viewBox=\"0 0 512 512\" xmlns=\"http:\/\/www.w3.org\/2000\/svg\"><path d=\"M256 8C119 8 8 119 8 256s111 248 248 248 248-111 248-248S393 8 256 8z\"><\/path><\/svg>\n\t\t\t\t<\/a>\n\t\t\t\t\t\t\t\t<a class=\"bdt-marker-item bdt-position-absolute bdt-marker bdt-icon elementor-repeater-item-c27c74b bdt-tippy-tooltip\" data-tippy-content=\"&lt;p&gt;Antalya, Turkiye&lt;\/p&gt;\" target=\"_self\" href=\"javascript:void(0);\" data-tippy=\"\" data-tippy-placement=\"top\" data-tippy-animation=\"shift-away\" data-tippy-arrow=\"false\">\n\n\t\t\t\t\t\t\t\t\t\t\t<svg aria-hidden=\"true\" class=\"e-font-icon-svg e-fas-circle\" viewBox=\"0 0 512 512\" xmlns=\"http:\/\/www.w3.org\/2000\/svg\"><path d=\"M256 8C119 8 8 119 8 256s111 248 248 248 248-111 248-248S393 8 256 8z\"><\/path><\/svg>\n\t\t\t\t<\/a>\n\t\t\t\t\n\t\t<\/div>\n\n\t\t\n\t\t\n\t\t\t\t\t\t<\/div>\n\t\t\t\t<\/div>\n\t\t\t\t<section class=\"elementor-section elementor-inner-section elementor-element elementor-element-5e2619e0 elementor-section-boxed elementor-section-height-default elementor-section-height-default\" data-id=\"5e2619e0\" data-element_type=\"section\" data-e-type=\"section\">\n\t\t\t\t\t\t<div class=\"elementor-container elementor-column-gap-default\">\n\t\t\t\t\t<div class=\"elementor-column elementor-col-33 elementor-inner-column elementor-element elementor-element-5f73e579\" data-id=\"5f73e579\" data-element_type=\"column\" data-e-type=\"column\">\n\t\t\t<div class=\"elementor-widget-wrap elementor-element-populated\">\n\t\t\t\t\t\t<div class=\"elementor-element elementor-element-38424aea bdt-icon-type-icon elementor-position-top bdt-icon-effect-none elementor-widget elementor-widget-bdt-advanced-icon-box\" data-id=\"38424aea\" data-element_type=\"widget\" data-e-type=\"widget\" data-widget_type=\"bdt-advanced-icon-box.default\">\n\t\t\t\t<div class=\"elementor-widget-container\">\n\t\t\t\t\t\t\t<div class=\"bdt-ep-advanced-icon-box\">\n\n\t\t\t\t\t\t\t\n\t\t\n\t\t\t\t\n\t\t\t<div class=\"bdt-ep-advanced-icon-box-content\">\n\n\t\t\t\t\t\t\t\t\t\n\t\t\t\t\t<h4 class=\"bdt-ep-advanced-icon-box-title\">\n\t\t\t\t<span >\n\t\t\t\t\tDestek\t\t\t\t<\/span>\n\t\t\t<\/h4>\n\t\t\n\n\t\t\n\t\t\t\t\t\n\t\t\t\t\n\t\t\t\t\t\t\t\t\t<div class=\"bdt-ep-advanced-icon-box-description\">\n\t\t\t\t\t\tG\u00fcler y\u00fczl\u00fc ekibimiz yard\u0131m etmek i\u00e7in burada.\t\t\t\t\t<\/div>\n\t\t\t\t\n\t\t\t\t\t\t\t\t\t<a class=\"bdt-ep-advanced-icon-box-readmore bdt-display-inline-block\" href=\"mailto:hello@mon-z.com\">\n\t\t\t\t\t\thello@mon-z.com\n\t\t\t\t\t\t\t\t\t\t\t<\/a>\n\t\t\t\t\t\t\t<\/div>\n\t\t<\/div>\n\n\t\t\n\t\t\n\t\t\t\t<\/div>\n\t\t\t\t<\/div>\n\t\t\t\t\t<\/div>\n\t\t<\/div>\n\t\t\t\t<div class=\"elementor-column elementor-col-33 elementor-inner-column elementor-element elementor-element-72f87f46\" data-id=\"72f87f46\" data-element_type=\"column\" data-e-type=\"column\">\n\t\t\t<div class=\"elementor-widget-wrap elementor-element-populated\">\n\t\t\t\t\t\t<div class=\"elementor-element elementor-element-24109784 bdt-icon-type-icon elementor-position-top bdt-icon-effect-none elementor-widget elementor-widget-bdt-advanced-icon-box\" data-id=\"24109784\" data-element_type=\"widget\" data-e-type=\"widget\" data-widget_type=\"bdt-advanced-icon-box.default\">\n\t\t\t\t<div class=\"elementor-widget-container\">\n\t\t\t\t\t\t\t<div class=\"bdt-ep-advanced-icon-box\">\n\n\t\t\t\t\t\t\t\n\t\t\n\t\t\t\t\n\t\t\t<div class=\"bdt-ep-advanced-icon-box-content\">\n\n\t\t\t\t\t\t\t\t\t\n\t\t\t\t\t<h4 class=\"bdt-ep-advanced-icon-box-title\">\n\t\t\t\t<span >\n\t\t\t\t\t\u0130leti\u015fim\t\t\t\t<\/span>\n\t\t\t<\/h4>\n\t\t\n\n\t\t\n\t\t\t\t\t\n\t\t\t\t\n\t\t\t\t\t\t\t\t\t<div class=\"bdt-ep-advanced-icon-box-description\">\n\t\t\t\t\t\t<p>Sorular\u0131n\u0131z veya istekleriniz mi var? \u0130leti\u015fime ge\u00e7in!<span style=\"color: var(--uicore-typography--p-c,\"#070707\"); font-family: var(--uicore-typography--p-f,\"Inter\"); font-style: var(--uicore-typography--p-st,\"normal\"); font-weight: var(--uicore-typography--p-w,\"600\"); letter-spacing: var(--uicore-typography--p-ls,\"-0.027em\"); text-transform: var(--uicore-typography--p-t,\"none\");\"><\/span><\/p>\t\t\t\t\t<\/div>\n\t\t\t\t\n\t\t\t\t\t\t\t\t\t<a class=\"bdt-ep-advanced-icon-box-readmore bdt-display-inline-block\" href=\"mailto:hello@mon-z.com\">\n\t\t\t\t\t\thello@mon-z.com\n\t\t\t\t\t\t\t\t\t\t\t<\/a>\n\t\t\t\t\t\t\t<\/div>\n\t\t<\/div>\n\n\t\t\n\t\t\n\t\t\t\t<\/div>\n\t\t\t\t<\/div>\n\t\t\t\t\t<\/div>\n\t\t<\/div>\n\t\t\t\t<div class=\"elementor-column elementor-col-33 elementor-inner-column elementor-element elementor-element-567633ae\" data-id=\"567633ae\" data-element_type=\"column\" data-e-type=\"column\">\n\t\t\t<div class=\"elementor-widget-wrap elementor-element-populated\">\n\t\t\t\t\t\t<div class=\"elementor-element elementor-element-13c959a7 bdt-icon-type-icon elementor-position-top bdt-icon-effect-none elementor-widget elementor-widget-bdt-advanced-icon-box\" data-id=\"13c959a7\" data-element_type=\"widget\" data-e-type=\"widget\" data-widget_type=\"bdt-advanced-icon-box.default\">\n\t\t\t\t<div class=\"elementor-widget-container\">\n\t\t\t\t\t\t\t<div class=\"bdt-ep-advanced-icon-box\">\n\n\t\t\t\t\t\t\t\n\t\t\n\t\t\t\t\n\t\t\t<div class=\"bdt-ep-advanced-icon-box-content\">\n\n\t\t\t\t\t\t\t\t\t\n\t\t\t\t\t<h4 class=\"bdt-ep-advanced-icon-box-title\">\n\t\t\t\t<span >\n\t\t\t\t\tTelefon\t\t\t\t<\/span>\n\t\t\t<\/h4>\n\t\t\n\n\t\t\n\t\t\t\t\t\n\t\t\t\t\n\t\t\t\t\t\t\t\t\t<div class=\"bdt-ep-advanced-icon-box-description\">\n\t\t\t\t\t\tPzt-Cuma sabah 8&#8217;den ak\u015fam 5&#8217;e kadar.\t\t\t\t\t<\/div>\n\t\t\t\t\n\t\t\t\t\t\t\t\t\t<a class=\"bdt-ep-advanced-icon-box-readmore bdt-display-inline-block\" href=\"https:\/\/wa.me\/905322356223\" target=\"_blank\" rel=\"noopener\">\n\t\t\t\t\t\t+90 (532) 235 62 23\n\t\t\t\t\t\t\t\t\t\t\t<\/a>\n\t\t\t\t\t\t\t<\/div>\n\t\t<\/div>\n\n\t\t\n\t\t\n\t\t\t\t<\/div>\n\t\t\t\t<\/div>\n\t\t\t\t\t<\/div>\n\t\t<\/div>\n\t\t\t\t\t<\/div>\n\t\t<\/section>\n\t\t\t\t\t<\/div>\n\t\t<\/div>\n\t\t\t\t\t<\/div>\n\t\t<\/div>\n\t\t\t\t<\/div>\n\t\t","protected":false},"excerpt":{"rendered":"<p>Herkes duyulmak ve anla\u015f\u0131lmak ister, ayr\u0131ca h\u0131zl\u0131 bir yan\u0131t almak da \u00e7ok \u00f6nemlidir. Monz, dijital pazarlama sorunlar\u0131n\u0131z\u0131 kolayca \u00e7\u00f6zmenin yoludur. \u0130leti\u015fime ge\u00e7mek isteriz. Hi\u00e7bir i\u015fletmenin ayn\u0131 olmad\u0131\u011f\u0131n\u0131 biliyoruz ve bu nedenle \u00f6zel ihtiya\u00e7lar\u0131n\u0131z\u0131 kar\u015f\u0131lamak i\u00e7in \u00f6zelle\u015ftirilmi\u015f yaz\u0131l\u0131m \u00e7\u00f6z\u00fcmleri sunuyoruz. T\u00fcrkiye ofisi Sultan Selim Mah. Sultan Selim Cad. No: 1\/5 Ka\u011f\u0131thane \/ \u0130stanbul e-ma\u0131l hello@mon-z.com Telefon [&hellip;]<\/p>\n","protected":false},"author":1,"featured_media":0,"parent":0,"menu_order":0,"comment_status":"closed","ping_status":"closed","template":"","meta":{"footnotes":""},"class_list":["post-2212","page","type-page","status-publish","hentry"],"_links":{"self":[{"href":"https:\/\/mon-z.com\/tr\/wp-json\/wp\/v2\/pages\/2212","targetHints":{"allow":["GET"]}}],"collection":[{"href":"https:\/\/mon-z.com\/tr\/wp-json\/wp\/v2\/pages"}],"about":[{"href":"https:\/\/mon-z.com\/tr\/wp-json\/wp\/v2\/types\/page"}],"author":[{"embeddable":true,"href":"https:\/\/mon-z.com\/tr\/wp-json\/wp\/v2\/users\/1"}],"replies":[{"embeddable":true,"href":"https:\/\/mon-z.com\/tr\/wp-json\/wp\/v2\/comments?post=2212"}],"version-history":[{"count":20,"href":"https:\/\/mon-z.com\/tr\/wp-json\/wp\/v2\/pages\/2212\/revisions"}],"predecessor-version":[{"id":3549,"href":"https:\/\/mon-z.com\/tr\/wp-json\/wp\/v2\/pages\/2212\/revisions\/3549"}],"wp:attachment":[{"href":"https:\/\/mon-z.com\/tr\/wp-json\/wp\/v2\/media?parent=2212"}],"curies":[{"name":"wp","href":"https:\/\/api.w.org\/{rel}","templated":true}]}}