{"id":2234,"date":"2023-12-09T19:53:05","date_gmt":"2023-12-09T19:53:05","guid":{"rendered":"https:\/\/mon-z.com\/insan-kaynaklari\/"},"modified":"2025-01-08T07:27:35","modified_gmt":"2025-01-08T07:27:35","slug":"insan-kaynaklari","status":"publish","type":"page","link":"https:\/\/mon-z.com\/tr\/insan-kaynaklari\/","title":{"rendered":"\u0130nsan Kaynaklar\u0131"},"content":{"rendered":"\t\t<div data-elementor-type=\"wp-page\" data-elementor-id=\"2234\" class=\"elementor elementor-2234 elementor-568\" data-elementor-post-type=\"page\">\n\t\t\t\t\t\t<section class=\"elementor-section elementor-top-section elementor-element elementor-element-292856e7 elementor-section-full_width elementor-section-height-default elementor-section-height-default\" data-id=\"292856e7\" data-element_type=\"section\" data-e-type=\"section\" data-settings=\"{&quot;background_background&quot;:&quot;classic&quot;}\">\n\t\t\t\t\t\t\t<div class=\"elementor-background-overlay\"><\/div>\n\t\t\t\t\t\t\t<div class=\"elementor-container elementor-column-gap-default\">\n\t\t\t\t\t<div class=\"elementor-column elementor-col-100 elementor-top-column elementor-element elementor-element-63cb67d\" data-id=\"63cb67d\" data-element_type=\"column\" data-e-type=\"column\">\n\t\t\t<div class=\"elementor-widget-wrap elementor-element-populated\">\n\t\t\t\t\t\t<div class=\"elementor-element elementor-element-2944f691 elementor-widget elementor-widget-spacer\" data-id=\"2944f691\" data-element_type=\"widget\" data-e-type=\"widget\" data-widget_type=\"spacer.default\">\n\t\t\t\t\t\t\t<div class=\"elementor-spacer\">\n\t\t\t<div class=\"elementor-spacer-inner\"><\/div>\n\t\t<\/div>\n\t\t\t\t\t\t<\/div>\n\t\t\t\t<div class=\"elementor-element elementor-element-2af0e25e elementor-widget__width-initial elementor-widget-mobile__width-inherit elementor-widget elementor-widget-heading\" data-id=\"2af0e25e\" data-element_type=\"widget\" data-e-type=\"widget\" data-widget_type=\"heading.default\">\n\t\t\t\t\t<h2 class=\"elementor-heading-title elementor-size-default\">Bizimle \u00e7al\u0131\u015fmaya haz\u0131r m\u0131s\u0131n\u0131z?<\/h2>\t\t\t\t<\/div>\n\t\t\t\t\t<\/div>\n\t\t<\/div>\n\t\t\t\t\t<\/div>\n\t\t<\/section>\n\t\t\t\t<section class=\"elementor-section elementor-top-section elementor-element elementor-element-660f4252 elementor-section-boxed elementor-section-height-default elementor-section-height-default\" data-id=\"660f4252\" data-element_type=\"section\" data-e-type=\"section\">\n\t\t\t\t\t\t\t<div class=\"elementor-background-overlay\"><\/div>\n\t\t\t\t\t\t\t<div class=\"elementor-container elementor-column-gap-default\">\n\t\t\t\t\t<div class=\"elementor-column elementor-col-50 elementor-top-column elementor-element elementor-element-3844af5f\" data-id=\"3844af5f\" data-element_type=\"column\" data-e-type=\"column\">\n\t\t\t<div class=\"elementor-widget-wrap elementor-element-populated\">\n\t\t\t\t\t\t<div class=\"elementor-element elementor-element-397d7283 animated-fast elementor-invisible elementor-widget elementor-widget-heading\" data-id=\"397d7283\" data-element_type=\"widget\" data-e-type=\"widget\" data-settings=\"{&quot;_animation&quot;:&quot;fadeInUp&quot;}\" data-widget_type=\"heading.default\">\n\t\t\t\t\t<h2 class=\"elementor-heading-title elementor-size-default\">\u0130lk g\u00f6r\u00fc\u015fmemizi ayarlayal\u0131m!<\/h2>\t\t\t\t<\/div>\n\t\t\t\t\t<\/div>\n\t\t<\/div>\n\t\t\t\t<div class=\"elementor-column elementor-col-50 elementor-top-column elementor-element elementor-element-163a7b96\" data-id=\"163a7b96\" data-element_type=\"column\" data-e-type=\"column\">\n\t\t\t<div class=\"elementor-widget-wrap elementor-element-populated\">\n\t\t\t\t\t\t<div class=\"elementor-element elementor-element-2cefa61 elementor-widget elementor-widget-wpforms\" data-id=\"2cefa61\" data-element_type=\"widget\" data-e-type=\"widget\" data-widget_type=\"wpforms.default\">\n\t\t\t\t<div class=\"elementor-widget-container\">\n\t\t\t\t\t<div class=\"wpforms-container wpforms-container-full wpforms-render-modern\" id=\"wpforms-2523\"><form id=\"wpforms-form-2523\" class=\"wpforms-validate wpforms-form wpforms-ajax-form\" data-formid=\"2523\" method=\"post\" enctype=\"multipart\/form-data\" action=\"\/tr\/wp-json\/wp\/v2\/pages\/2234\" data-token=\"d00cbb02440065ed3ea1206b24dcb95c\" data-token-time=\"1778072766\"><noscript class=\"wpforms-error-noscript\">Bu formu bitirebilmek i\u00e7in taray\u0131c\u0131n\u0131zda JavaScript&#039;i etkinle\u015ftirin.<\/noscript><div id=\"wpforms-error-noscript\" style=\"display: none;\">Bu formu bitirebilmek i\u00e7in taray\u0131c\u0131n\u0131zda JavaScript&#039;i etkinle\u015ftirin.<\/div><div class=\"wpforms-field-container\"><div id=\"wpforms-2523-field_8-container\" class=\"wpforms-field wpforms-field-content\" data-field-type=\"content\" data-field-id=\"8\"><div id=\"wpforms-2523-field_8\" class=\"wpforms-field-large wpforms-field-row\" aria-errormessage=\"wpforms-2523-field_8-error\"><h3 style=\"text-align: center\">Bize mesaj g\u00f6nderin<\/h3>\n<div class=\"wpforms-field-content-display-frontend-clear\"><\/div><\/div><\/div><div id=\"wpforms-2523-field_2-container\" class=\"wpforms-field wpforms-field-name\" data-field-type=\"name\" data-field-id=\"2\"><label class=\"wpforms-field-label wpforms-label-hide\" for=\"wpforms-2523-field_2\" aria-hidden=\"false\">Sizin Ad\u0131n\u0131z<\/label><input type=\"text\" id=\"wpforms-2523-field_2\" class=\"wpforms-field-large\" name=\"wpforms[fields][2]\" placeholder=\"Sizin ad\u0131n\u0131z\" aria-errormessage=\"wpforms-2523-field_2-error\" ><\/div><div id=\"wpforms-2523-field_5-container\" class=\"wpforms-field wpforms-field-email\" data-field-type=\"email\" data-field-id=\"5\"><label class=\"wpforms-field-label wpforms-label-hide\" for=\"wpforms-2523-field_5\" aria-hidden=\"false\">E-posta <span class=\"wpforms-required-label\" aria-hidden=\"true\">*<\/span><\/label><input type=\"email\" id=\"wpforms-2523-field_5\" class=\"wpforms-field-large wpforms-field-required\" name=\"wpforms[fields][5]\" placeholder=\"E-posta adresiniz\" spellcheck=\"false\" aria-errormessage=\"wpforms-2523-field_5-error\" required><\/div><div id=\"wpforms-2523-field_6-container\" class=\"wpforms-field wpforms-field-phone\" data-field-type=\"phone\" data-field-id=\"6\"><label class=\"wpforms-field-label wpforms-label-hide\" for=\"wpforms-2523-field_6\" aria-hidden=\"false\">Telefon<\/label><input type=\"tel\" id=\"wpforms-2523-field_6\" class=\"wpforms-field-large wpforms-smart-phone-field\" data-rule-smart-phone-field=\"true\" name=\"wpforms[fields][6]\" placeholder=\"\u0130leti\u015fim Numaras\u0131\" aria-label=\"Telefon\" aria-errormessage=\"wpforms-2523-field_6-error\" ><\/div><div id=\"wpforms-2523-field_10-container\" class=\"wpforms-field wpforms-field-name\" data-field-type=\"name\" data-field-id=\"10\"><label class=\"wpforms-field-label wpforms-label-hide\" for=\"wpforms-2523-field_10\" aria-hidden=\"false\">Mesaj <span class=\"wpforms-required-label\" aria-hidden=\"true\">*<\/span><\/label><input type=\"text\" id=\"wpforms-2523-field_10\" class=\"wpforms-field-large wpforms-field-required\" name=\"wpforms[fields][10]\" placeholder=\"Mesaj\u0131n\u0131z\" aria-errormessage=\"wpforms-2523-field_10-error\" required><\/div><\/div><!-- .wpforms-field-container --><div class=\"wpforms-submit-container\" ><input type=\"hidden\" name=\"wpforms[id]\" value=\"2523\"><input type=\"hidden\" name=\"page_title\" value=\"\"><input type=\"hidden\" name=\"page_url\" value=\"https:\/\/mon-z.com\/tr\/wp-json\/wp\/v2\/pages\/2234\"><input type=\"hidden\" name=\"url_referer\" value=\"\"><button type=\"submit\" name=\"wpforms[submit]\" id=\"wpforms-submit-2523\" class=\"wpforms-submit wpforms\" data-alt-text=\"G\u00f6nderiyorum.\" data-submit-text=\"G\u00f6nder\" aria-live=\"assertive\" value=\"wpforms-submit\">G\u00f6nder<\/button><img decoding=\"async\" src=\"https:\/\/mon-z.com\/wp-content\/plugins\/wpforms\/assets\/images\/submit-spin.svg\" class=\"wpforms-submit-spinner\" style=\"display: none;\" width=\"26\" height=\"26\" alt=\"Y\u00fckleniyor\"><\/div><\/form><\/div>  <!-- .wpforms-container -->\t\t\t\t<\/div>\n\t\t\t\t<\/div>\n\t\t\t\t\t<\/div>\n\t\t<\/div>\n\t\t\t\t\t<\/div>\n\t\t<\/section>\n\t\t\t\t<\/div>\n\t\t","protected":false},"excerpt":{"rendered":"<p>Bizimle \u00e7al\u0131\u015fmaya haz\u0131r m\u0131s\u0131n\u0131z? \u0130lk g\u00f6r\u00fc\u015fmemizi ayarlayal\u0131m! Please enable JavaScript in your browser to complete this form.Please enable JavaScript in your browser to complete this form. Send us a message Your NameEmail *PhoneMessage * Submit<\/p>\n","protected":false},"author":1,"featured_media":0,"parent":0,"menu_order":0,"comment_status":"closed","ping_status":"closed","template":"","meta":{"footnotes":""},"class_list":["post-2234","page","type-page","status-publish","hentry"],"_links":{"self":[{"href":"https:\/\/mon-z.com\/tr\/wp-json\/wp\/v2\/pages\/2234","targetHints":{"allow":["GET"]}}],"collection":[{"href":"https:\/\/mon-z.com\/tr\/wp-json\/wp\/v2\/pages"}],"about":[{"href":"https:\/\/mon-z.com\/tr\/wp-json\/wp\/v2\/types\/page"}],"author":[{"embeddable":true,"href":"https:\/\/mon-z.com\/tr\/wp-json\/wp\/v2\/users\/1"}],"replies":[{"embeddable":true,"href":"https:\/\/mon-z.com\/tr\/wp-json\/wp\/v2\/comments?post=2234"}],"version-history":[{"count":6,"href":"https:\/\/mon-z.com\/tr\/wp-json\/wp\/v2\/pages\/2234\/revisions"}],"predecessor-version":[{"id":3561,"href":"https:\/\/mon-z.com\/tr\/wp-json\/wp\/v2\/pages\/2234\/revisions\/3561"}],"wp:attachment":[{"href":"https:\/\/mon-z.com\/tr\/wp-json\/wp\/v2\/media?parent=2234"}],"curies":[{"name":"wp","href":"https:\/\/api.w.org\/{rel}","templated":true}]}}